{"id":3030,"date":"2020-01-03T10:08:55","date_gmt":"2020-01-03T09:08:55","guid":{"rendered":"https:\/\/www.akademiemichael.cz\/?page_id=3030"},"modified":"2025-07-22T14:38:26","modified_gmt":"2025-07-22T12:38:26","slug":"contact","status":"publish","type":"page","link":"https:\/\/www.akademiemichael.cz\/en\/contact\/","title":{"rendered":"Contact"},"content":{"rendered":"\n<h2>\n\t\t\tContact\t<\/h2>\n<h3>\n\t\t\tMain building<br \/>Chodov\t<\/h3>\n\t<p>The main building in is located in Chodov &#8211; including Main Office, Study department, entrance examinations and most classrooms\/studios.<\/p>\n\t<strong>Machkova 1646<br \/>\n149&nbsp;00\u00a0 Praha 4\u00a0<\/strong>\n\t<iframe src=\"https:\/\/www.google.com\/maps\/embed\/v1\/place?q=S%C5%A0+reklamn%C3%AD+tvorby%2C+Machkova+1646%2C+Praha+4&#038;key=AIzaSyD09zQ9PNDNNy9TadMuzRV_UsPUoWKntt8\" aria-hidden=\"true\"><\/iframe>\n\t<p><strong>How to get here:<\/strong><\/p>\n<p><strong>Metro: <\/strong>Opatov, H\u00e1je<\/p>\n<strong>Bus: <\/strong>Litochlebsk\u00e9 n\u00e1m\u011bst\u00ed (177, 181, 182)<br \/>\nor Bachova (165), Mikulova (165), \u0160perlova (154, 170, 197, 203)\n<h3>\n\t\t\tPankr\u00e1c<br \/>Building\t<\/h3>\n\t<p>Location of our CC school agency. Some studios are also located in this building.<\/p>\n<p>&nbsp;<\/p>\n\t<strong>Na Pankr\u00e1ci 54<br \/>\n140&nbsp;00\u00a0 Praha 4\u00a0<\/strong>\n\t<iframe src=\"https:\/\/www.google.com\/maps\/embed\/v1\/place?q=Vysok%C3%A1+%C5%A1kola+kreativn%C3%AD+komunikace%2C+Na+Pankr%C3%A1ci+1646%2C+Praha+4&#038;key=AIzaSyD09zQ9PNDNNy9TadMuzRV_UsPUoWKntt8\" aria-hidden=\"true\"><\/iframe>\n\t<p><strong>How to get here:<\/strong><\/p>\n<strong>Tram, bus:<\/strong><br \/>\ntram no. 18, bus 134 a&nbsp;193 to station Pra\u017esk\u00e9 povst\u00e1n\u00ed\n<p><strong>Metro: <\/strong>Pra\u017esk\u00e9 povst\u00e1n\u00ed<\/p>\n<h3>\n\t\t\tContact\t<\/h3>\n\t\t<svg viewBox=\"0 0 260 260\" height=\"500\" width=\"500\" class=\"gradshape gradshape3 gradshape-desktop\" version=\"1.1\" style=\"left: -500px; top: 4200px; z-index: 0;\">\n<linearGradient id=\"linearGradientShape1\" y2=\"3\" x2=\"0\" y1=\"0\" x1=\"0\">\t\t\t<stop offset=\"0\" style=\"stop-opacity:1;stop-color:#fc1d37\" \/>\n\t\t\t<stop offset=\"0.083\" style=\"stop-opacity:1;stop-color:#f5064c\" \/>\n\t\t\t<stop offset=\"0.166\" style=\"stop-opacity:1;stop-color:#e20e6c\" \/>\n\t\t\t<stop offset=\"0.25\" style=\"stop-opacity:1;stop-color:#cf168d\" \/>\n\t\t\t<stop offset=\"0.333\" style=\"stop-opacity:1;stop-color:#c41ba0\" \/>\n\t\t\t<stop offset=\"0.416\" style=\"stop-opacity:1;stop-color:#cf168d\" \/>\n\t\t\t<stop offset=\"0.5\" style=\"stop-opacity:1;stop-color:#e20e6c\" \/>\n\t\t\t<stop offset=\"0.583\" style=\"stop-opacity:1;stop-color:#f5064c\" \/>\n\t\t\t<stop offset=\"0.666\" style=\"stop-opacity:1;stop-color:#fc1d37\" \/>\n\t\t\t<stop offset=\"0.75\" style=\"stop-opacity:1;stop-color:#f5064c\" \/>\n\t\t\t<stop offset=\"0.833\" style=\"stop-opacity:1;stop-color:#e20e6c\" \/>\n\t\t\t<stop offset=\"0.916\" style=\"stop-opacity:1;stop-color:#cf168d\" \/>\n\t\t\t<stop offset=\"1\" style=\"stop-opacity:1;stop-color:#c41ba0\" \/>\n<animate attributeName=\"y1\" dur=\"12000ms\" from=\"-2\" to=\"0\" repeatCount=\"indefinite\" \/><animate attributeName=\"y2\" dur=\"12000ms\" from=\"1\" to=\"3\" repeatCount=\"indefinite\" \/><\/linearGradient>  \t\t  <g transform=\"translate(235,43) scale(-1,1)\">\n\t\t    <path style=\"fill:none;stroke:url(#linearGradientShape1);stroke-width:35;stroke-linecap:round;stroke-linejoin:round;stroke-miterlimit:10;stroke-dasharray:none;stroke-opacity:1\"\n        \t\td=\"M 0,0 93.549,170.881\" \/>\n  \t\t  <\/g>\n  \t\t  <g transform=\"translate(160,43) scale(-1,1)\">\n    \t\t<path style=\"fill:none;stroke:url(#linearGradientShape1);stroke-width:35;stroke-linecap:round;stroke-linejoin:round;stroke-miterlimit:10;stroke-dasharray:none;stroke-opacity:1\"\n        \t\td=\"M 0,0 93.549,170.881\" \/>\n  \t\t  <\/g><\/svg>\t<svg viewBox=\"0 0 260 260\" height=\"450\" width=\"675\" class=\"gradshape gradshape6 gradshape-desktop\" version=\"1.1\" style=\"left: -450px; top: 150px; z-index: 0;\">\n<linearGradient id=\"linearGradientShape2\" y2=\"0\" x2=\"3\" y1=\"0\" x1=\"0\">\t\t\t<stop offset=\"0\" style=\"stop-opacity:1;stop-color:#fc1d37\" \/>\n\t\t\t<stop offset=\"0.083\" style=\"stop-opacity:1;stop-color:#f84b2c\" \/>\n\t\t\t<stop offset=\"0.166\" style=\"stop-opacity:1;stop-color:#f3881d\" \/>\n\t\t\t<stop offset=\"0.25\" style=\"stop-opacity:1;stop-color:#efc30f\" \/>\n\t\t\t<stop offset=\"0.333\" style=\"stop-opacity:1;stop-color:#ebec05\" \/>\n\t\t\t<stop offset=\"0.416\" style=\"stop-opacity:1;stop-color:#efc30f\" \/>\n\t\t\t<stop offset=\"0.5\" style=\"stop-opacity:1;stop-color:#f3881d\" \/>\n\t\t\t<stop offset=\"0.583\" style=\"stop-opacity:1;stop-color:#f84b2c\" \/>\n\t\t\t<stop offset=\"0.666\" style=\"stop-opacity:1;stop-color:#fc1d37\" \/>\n\t\t\t<stop offset=\"0.75\" style=\"stop-opacity:1;stop-color:#f84b2c\" \/>\n\t\t\t<stop offset=\"0.833\" style=\"stop-opacity:1;stop-color:#f3881d\" \/>\n\t\t\t<stop offset=\"0.916\" style=\"stop-opacity:1;stop-color:#efc30f\" \/>\n\t\t\t<stop offset=\"1\" style=\"stop-opacity:1;stop-color:#ebec05\" \/>\n<animate attributeName=\"x1\" dur=\"12000ms\" from=\"-2\" to=\"0\" repeatCount=\"indefinite\" \/><animate attributeName=\"x2\" dur=\"12000ms\" from=\"1\" to=\"3\" repeatCount=\"indefinite\" \/><\/linearGradient>\t\t  <g transform=\"translate(255,97) scale(-1,1)\">\n    \t\t<path style=\"fill:none;stroke:url(#linearGradientShape2);stroke-width:35;stroke-linecap:round;stroke-linejoin:round;stroke-miterlimit:10;stroke-dasharray:none;stroke-opacity:1\"\n        \t\td=\"m 0,0 50.113,51.818 c 11.471,11.861 30.334,11.953 41.92,0.203 L 135.692,7.746 c 11.586,-11.749 30.765,-11.973 42.621,-0.497 l 53.708,51.983\" \/>\n  \t\t  <\/g><\/svg>\n\t<strong>Ing. Monika Hrube\u0161ov\u00e1<\/strong><br \/>\n<small>Headmistress\n<br \/><br \/>\n<br \/>\n<br \/>\n<a href=\"mailto:hrubesovam@skolamichael.cz\">hrubesovam@skolamichael.cz<\/a><\/small>\n\t<strong>Mgr. Lenka Kotrb\u00e1\u010dkov\u00e1<\/strong><br \/>\n<small>Deputy Headmistress for College Studies\n<br \/>\n<br \/>+420&nbsp;702&nbsp;238&nbsp;275\n<br \/>\n<a href=\"mailto:kotrbackoval@skolamichael.cz\">kotrbackoval@skolamichael.cz<\/a><\/small>\n\t<strong>Ing. Mark\u00e9ta Veseck\u00e1<\/strong><br \/>\n<small>Deputy Headmistress of Higher Vocational School\n<br \/><br \/>\n+420 <br \/>\n<a href=\"mailto:veseckam@skolamichael.cz\">veseckam@skolamichael.cz<\/a><\/small>\n\t<strong>Mgr. Jakub Altman<\/strong><br \/>\n<small>Deputy Headmistress of High School and Educational Consultant\n<br \/><br \/>\n+420&nbsp;725&nbsp;071&nbsp;829<br \/>\n<a href=\"mailto:altmanj@skolamichael.cz\">altmanj@skolamichael.cz<\/a><\/small>\n\t<strong>Lucie Scholzov\u00e1<\/strong><br \/>\n<small>Manager for operations of the Higher Vocational School and Registrar&#8217;s&nbsp;Officer\n<br \/><br \/>\n+420&nbsp;602&nbsp;314&nbsp;047 \/ 267&nbsp;915&nbsp;905<br \/>\n<a href=\"mailto:scholzoval@skolamichael.cz\">scholzoval@skolamichael.cz<\/a><\/small>\n\t<strong>doc. PhDr. Ivo Zapletal, CSc.<\/strong><br \/>\n<small>Ombudsman\n<br \/><br \/>\n<br \/><br \/>\n+420&nbsp;606&nbsp;641&nbsp;579<br \/>\n<r><\/r>\n<a href=\"mailto:zai@o2active.cz\">zai@o2active.cz<\/a><\/small>\n\t<strong>Zdena Popel\u00e1kov\u00e1<\/strong><br \/>\n<small>HM Assistant\n<br \/><br \/>\n<br \/>\n+420&nbsp;602&nbsp;442&nbsp;456<br \/>\n<a href=\"mailto:popelakovaz@skolamichael.cz\">popelakovaz@skolamichael.cz<\/a><\/small>\n\t<strong>Ludmila \u017di\u017ekov\u00e1<\/strong><br \/>\n<small>Head of Operations\n<br \/><br \/>\n<br \/>\n+420&nbsp;725&nbsp;767&nbsp;922<br \/>\n<a href=\"mailto:zizkoval@skolamichael.cz\">zizkoval@skolamichael.cz<\/a><\/small>\n\t<strong>PhDr. Hana Pucherov\u00e1<\/strong><br \/>\n<small>Psychological Counsellor\n<br \/><br \/>\n<br \/><br \/>\n<a href=\"mailto:pucherovah@skolamichael.cz\">pucherovah@skolamichael.cz<\/a><\/small>\n<h3>\n\t\t\tAddress\t<\/h3>\n\t<b>Michael &#8211; St\u0159edn\u00ed \u0161kola, Gymn\u00e1zium a&nbsp;Vy\u0161\u0161\u00ed odborn\u00e1 \u0161kola, s.r.o.<br \/>\n<\/b>Machkova 1646\/1<br \/>\n149&nbsp;00\u00a0 Praha 4 &#8211; Chodov\nCIN 256&nbsp;07&nbsp;375<br \/>\nVAT: CZ25607375\n\tPhone: +420&nbsp;267&nbsp;910&nbsp;638<br \/>\nE-mail: <a href=\"mailto:info@skolamichael.cz\">info@skolamichael.cz<\/a><br \/>\nData box: s6rrdqm\n\tIZO: 181&nbsp;026&nbsp;481<br \/>\nREDIZO: 600&nbsp;005&nbsp;364\n<h3>\n\t\t\tBank details\t<\/h3>\n\t<p>503&nbsp;101&nbsp;4256 \/ 5500\u00a0 \u00a0(Raiffeisen BANK)<\/p>\n\n","protected":false},"excerpt":{"rendered":"<p>Contact Main buildingChodov The main building in is located in Chodov &#8211; including Main Office, Study department, entrance examinations and most classrooms\/studios. Machkova 1646&nbsp;149&nbsp;00\u00a0 Praha 4\u00a0 How to get here: Metro: Opatov, H\u00e1je Bus: Litochlebsk\u00e9 n\u00e1m\u011bst\u00ed (177, 181, 182) or Bachova (165), Mikulova (165), \u0160perlova (154, 170, 197, 203) Pankr\u00e1cBuilding Location of our CC [&hellip;]<\/p>\n","protected":false},"author":1,"featured_media":0,"parent":0,"menu_order":0,"comment_status":"closed","ping_status":"closed","template":"page_builder.php","meta":{"_acf_changed":false,"_genesis_hide_title":false,"_genesis_hide_breadcrumbs":false,"_genesis_hide_singular_image":false,"_genesis_hide_footer_widgets":false,"_genesis_custom_body_class":"","_genesis_custom_post_class":"","_genesis_layout":"","footnotes":""},"class_list":{"0":"post-3030","1":"page","2":"type-page","3":"status-publish","5":"entry"},"acf":[],"_links":{"self":[{"href":"https:\/\/www.akademiemichael.cz\/en\/wp-json\/wp\/v2\/pages\/3030","targetHints":{"allow":["GET"]}}],"collection":[{"href":"https:\/\/www.akademiemichael.cz\/en\/wp-json\/wp\/v2\/pages"}],"about":[{"href":"https:\/\/www.akademiemichael.cz\/en\/wp-json\/wp\/v2\/types\/page"}],"author":[{"embeddable":true,"href":"https:\/\/www.akademiemichael.cz\/en\/wp-json\/wp\/v2\/users\/1"}],"replies":[{"embeddable":true,"href":"https:\/\/www.akademiemichael.cz\/en\/wp-json\/wp\/v2\/comments?post=3030"}],"version-history":[{"count":10,"href":"https:\/\/www.akademiemichael.cz\/en\/wp-json\/wp\/v2\/pages\/3030\/revisions"}],"predecessor-version":[{"id":16615,"href":"https:\/\/www.akademiemichael.cz\/en\/wp-json\/wp\/v2\/pages\/3030\/revisions\/16615"}],"wp:attachment":[{"href":"https:\/\/www.akademiemichael.cz\/en\/wp-json\/wp\/v2\/media?parent=3030"}],"curies":[{"name":"wp","href":"https:\/\/api.w.org\/{rel}","templated":true}]}}