{"id":3035,"date":"2020-01-03T11:15:17","date_gmt":"2020-01-03T10:15:17","guid":{"rendered":"https:\/\/www.akademiemichael.cz\/?page_id=3035"},"modified":"2020-01-03T11:22:39","modified_gmt":"2020-01-03T10:22:39","slug":"online-application","status":"publish","type":"page","link":"https:\/\/www.akademiemichael.cz\/en\/online-application\/","title":{"rendered":"Online-application"},"content":{"rendered":"<h1>\n\t\tOnline-application\n\t<\/h1>\n\t\n<div class=\"wpcf7 no-js\" id=\"wpcf7-f3037-o1\" lang=\"cs-CZ\" dir=\"ltr\" data-wpcf7-id=\"3037\">\n<div class=\"screen-reader-response\"><p role=\"status\" aria-live=\"polite\" aria-atomic=\"true\"><\/p> <ul><\/ul><\/div>\n<form action=\"\/en\/wp-json\/wp\/v2\/pages\/3035#wpcf7-f3037-o1\" method=\"post\" class=\"wpcf7-form init\" aria-label=\"Kontaktn\u00ed formul\u00e1\u0159\" novalidate=\"novalidate\" data-status=\"init\">\n<fieldset class=\"hidden-fields-container\"><input type=\"hidden\" name=\"_wpcf7\" value=\"3037\" \/><input type=\"hidden\" name=\"_wpcf7_version\" value=\"6.1.5\" \/><input type=\"hidden\" name=\"_wpcf7_locale\" value=\"cs_CZ\" \/><input type=\"hidden\" name=\"_wpcf7_unit_tag\" value=\"wpcf7-f3037-o1\" \/><input type=\"hidden\" name=\"_wpcf7_container_post\" value=\"0\" \/><input type=\"hidden\" name=\"_wpcf7_posted_data_hash\" value=\"\" \/><input type=\"hidden\" name=\"_wpcf7_recaptcha_response\" value=\"\" \/>\n<\/fieldset>\n<p><span class=\"wpcf7-form-control-wrap\" data-name=\"jmeno\"><input size=\"40\" maxlength=\"400\" class=\"wpcf7-form-control wpcf7-text wpcf7-validates-as-required\" aria-required=\"true\" aria-invalid=\"false\" placeholder=\"Name\" value=\"\" type=\"text\" name=\"jmeno\" \/><\/span>\n<\/p>\n<p><span class=\"wpcf7-form-control-wrap\" data-name=\"prijmeni\"><input size=\"40\" maxlength=\"400\" class=\"wpcf7-form-control wpcf7-text wpcf7-validates-as-required\" aria-required=\"true\" aria-invalid=\"false\" placeholder=\"Surname\" value=\"\" type=\"text\" name=\"prijmeni\" \/><\/span>\n<\/p>\n<p><span class=\"wpcf7-form-control-wrap\" data-name=\"email\"><input size=\"40\" maxlength=\"400\" class=\"wpcf7-form-control wpcf7-email wpcf7-validates-as-required wpcf7-text wpcf7-validates-as-email\" aria-required=\"true\" aria-invalid=\"false\" placeholder=\"E-mail\" value=\"\" type=\"email\" name=\"email\" \/><\/span>\n<\/p>\n<p><span class=\"wpcf7-form-control-wrap\" data-name=\"obor\"><select class=\"wpcf7-form-control wpcf7-select wpcf7-validates-as-required\" aria-required=\"true\" aria-invalid=\"false\" name=\"obor\"><option value=\"Select a specialization\">Select a specialization<\/option><option value=\"Photography Production\">Photography Production<\/option><option value=\"Graphic Design\">Graphic Design<\/option><option value=\"Interior Design\">Interior Design<\/option><option value=\"Film Development\">Film Development<\/option><option value=\"Film Production\">Film Production<\/option><option value=\"Screenwriting and Media Communication\">Screenwriting and Media Communication<\/option><\/select><\/span>\n<\/p>\n<p><span class=\"wpcf7-form-control-wrap\" data-name=\"telefon\"><input size=\"40\" maxlength=\"400\" class=\"wpcf7-form-control wpcf7-text\" aria-invalid=\"false\" placeholder=\"Phone\" value=\"\" type=\"text\" name=\"telefon\" \/><\/span>\n<\/p>\n<p><span class=\"wpcf7-form-control-wrap\" data-name=\"gdpr\"><span class=\"wpcf7-form-control wpcf7-acceptance\"><span class=\"wpcf7-list-item\"><label><input type=\"checkbox\" name=\"gdpr\" value=\"1\" aria-invalid=\"false\" \/><span class=\"wpcf7-list-item-label\">I proclaim that I was introduced with <a href=\"https:\/\/www.akademiemichael.cz\/wp-content\/uploads\/2019\/01\/zasady_web_2019.pdf\">GDPR<\/a><\/span><\/label><\/span><\/span><\/span>\n<\/p>\n<p><span class=\"wpcf7-form-control-wrap\" data-name=\"novinky\"><span class=\"wpcf7-form-control wpcf7-checkbox\"><span class=\"wpcf7-list-item first last\"><input type=\"checkbox\" name=\"novinky[]\" value=\"I agree with receiving information\/newsletter from VO\u0160\" \/><span class=\"wpcf7-list-item-label\">I agree with receiving information\/newsletter from VO\u0160<\/span><\/span><\/span><\/span>\n<\/p>\n<p><input class=\"wpcf7-form-control wpcf7-submit has-spinner\" type=\"submit\" value=\"Send an Application Form\" \/>\n<\/p><div class=\"wpcf7-response-output\" aria-hidden=\"true\"><\/div>\n<\/form>\n<\/div>\n\n","protected":false},"excerpt":{"rendered":"<p>Online-application<\/p>\n","protected":false},"author":1,"featured_media":0,"parent":0,"menu_order":0,"comment_status":"closed","ping_status":"closed","template":"page_builder.php","meta":{"_acf_changed":false,"_genesis_hide_title":false,"_genesis_hide_breadcrumbs":false,"_genesis_hide_singular_image":false,"_genesis_hide_footer_widgets":false,"_genesis_custom_body_class":"","_genesis_custom_post_class":"","_genesis_layout":"","footnotes":""},"class_list":{"0":"post-3035","1":"page","2":"type-page","3":"status-publish","5":"entry"},"acf":[],"_links":{"self":[{"href":"https:\/\/www.akademiemichael.cz\/en\/wp-json\/wp\/v2\/pages\/3035","targetHints":{"allow":["GET"]}}],"collection":[{"href":"https:\/\/www.akademiemichael.cz\/en\/wp-json\/wp\/v2\/pages"}],"about":[{"href":"https:\/\/www.akademiemichael.cz\/en\/wp-json\/wp\/v2\/types\/page"}],"author":[{"embeddable":true,"href":"https:\/\/www.akademiemichael.cz\/en\/wp-json\/wp\/v2\/users\/1"}],"replies":[{"embeddable":true,"href":"https:\/\/www.akademiemichael.cz\/en\/wp-json\/wp\/v2\/comments?post=3035"}],"version-history":[{"count":2,"href":"https:\/\/www.akademiemichael.cz\/en\/wp-json\/wp\/v2\/pages\/3035\/revisions"}],"predecessor-version":[{"id":3038,"href":"https:\/\/www.akademiemichael.cz\/en\/wp-json\/wp\/v2\/pages\/3035\/revisions\/3038"}],"wp:attachment":[{"href":"https:\/\/www.akademiemichael.cz\/en\/wp-json\/wp\/v2\/media?parent=3035"}],"curies":[{"name":"wp","href":"https:\/\/api.w.org\/{rel}","templated":true}]}}