{"id":3815,"date":"2020-04-07T10:04:30","date_gmt":"2020-04-07T08:04:30","guid":{"rendered":"https:\/\/www.akademiemichael.cz\/?page_id=3815"},"modified":"2020-04-07T10:05:39","modified_gmt":"2020-04-07T08:05:39","slug":"mga-andrea-vokralova","status":"publish","type":"page","link":"https:\/\/www.akademiemichael.cz\/en\/mga-andrea-vokralova\/","title":{"rendered":"MgA. Andrea Vok\u0159\u00e1lov\u00e1"},"content":{"rendered":"","protected":false},"excerpt":{"rendered":"","protected":false},"author":1,"featured_media":1473,"parent":0,"menu_order":0,"comment_status":"closed","ping_status":"closed","template":"page_pedagog.php","meta":{"_acf_changed":false,"_genesis_hide_title":false,"_genesis_hide_breadcrumbs":false,"_genesis_hide_singular_image":false,"_genesis_hide_footer_widgets":false,"_genesis_custom_body_class":"","_genesis_custom_post_class":"","_genesis_layout":"","footnotes":""},"class_list":{"0":"post-3815","1":"page","2":"type-page","3":"status-publish","4":"has-post-thumbnail","6":"entry"},"acf":[],"_links":{"self":[{"href":"https:\/\/www.akademiemichael.cz\/en\/wp-json\/wp\/v2\/pages\/3815","targetHints":{"allow":["GET"]}}],"collection":[{"href":"https:\/\/www.akademiemichael.cz\/en\/wp-json\/wp\/v2\/pages"}],"about":[{"href":"https:\/\/www.akademiemichael.cz\/en\/wp-json\/wp\/v2\/types\/page"}],"author":[{"embeddable":true,"href":"https:\/\/www.akademiemichael.cz\/en\/wp-json\/wp\/v2\/users\/1"}],"replies":[{"embeddable":true,"href":"https:\/\/www.akademiemichael.cz\/en\/wp-json\/wp\/v2\/comments?post=3815"}],"version-history":[{"count":2,"href":"https:\/\/www.akademiemichael.cz\/en\/wp-json\/wp\/v2\/pages\/3815\/revisions"}],"predecessor-version":[{"id":3822,"href":"https:\/\/www.akademiemichael.cz\/en\/wp-json\/wp\/v2\/pages\/3815\/revisions\/3822"}],"wp:featuredmedia":[{"embeddable":true,"href":"https:\/\/www.akademiemichael.cz\/en\/wp-json\/wp\/v2\/media\/1473"}],"wp:attachment":[{"href":"https:\/\/www.akademiemichael.cz\/en\/wp-json\/wp\/v2\/media?parent=3815"}],"curies":[{"name":"wp","href":"https:\/\/api.w.org\/{rel}","templated":true}]}}